{"id":114,"date":"2025-06-11T16:22:55","date_gmt":"2025-06-11T14:22:55","guid":{"rendered":"https:\/\/casamenguxo.es\/about-us\/"},"modified":"2026-01-27T13:29:53","modified_gmt":"2026-01-27T12:29:53","slug":"sobre-nosotros","status":"publish","type":"page","link":"https:\/\/casamenguxo.es\/gl\/sobre-nosotros\/","title":{"rendered":"Sobre N\u00f3s"},"content":{"rendered":"<div data-elementor-type=\"wp-page\" data-elementor-id=\"114\" class=\"elementor elementor-114\">\n\t\t\t\t<div class=\"elementor-element elementor-element-77b693e e-con-full e-flex e-con e-parent\" data-id=\"77b693e\" data-element_type=\"container\" data-e-type=\"container\" data-settings=\"{&quot;background_background&quot;:&quot;classic&quot;}\">\n\t\t<div class=\"elementor-element elementor-element-05634f7 e-con-full e-flex e-con e-child\" data-id=\"05634f7\" data-element_type=\"container\" data-e-type=\"container\">\n\t\t\t\t<div class=\"elementor-element elementor-element-f421750 elementor-widget elementor-widget-heading\" data-id=\"f421750\" data-element_type=\"widget\" data-e-type=\"widget\" data-widget_type=\"heading.default\">\n\t\t\t\t<div class=\"elementor-widget-container\">\n\t\t\t\t\t<h1 class=\"elementor-heading-title elementor-size-default\">Sobre n\u00f3s<\/h1>\t\t\t\t<\/div>\n\t\t\t\t<\/div>\n\t\t\t\t<\/div>\n\t\t\t\t<\/div>\n\t\t<div class=\"elementor-element elementor-element-8f7108c e-con-full e-flex e-con e-parent\" data-id=\"8f7108c\" data-element_type=\"container\" data-e-type=\"container\" data-settings=\"{&quot;background_background&quot;:&quot;gradient&quot;}\">\n\t\t<div class=\"elementor-element elementor-element-047bb8c e-con-full e-flex e-con e-child\" data-id=\"047bb8c\" data-element_type=\"container\" data-e-type=\"container\">\n\t\t<div class=\"elementor-element elementor-element-80d3ec1 e-con-full e-flex e-con e-child\" data-id=\"80d3ec1\" data-element_type=\"container\" data-e-type=\"container\">\n\t\t<div class=\"elementor-element elementor-element-58acdfb e-con-full e-flex e-con e-child\" data-id=\"58acdfb\" data-element_type=\"container\" data-e-type=\"container\">\n\t\t\t\t<div class=\"elementor-element elementor-element-65dcf57 elementor-widget elementor-widget-heading\" data-id=\"65dcf57\" data-element_type=\"widget\" data-e-type=\"widget\" data-widget_type=\"heading.default\">\n\t\t\t\t<div class=\"elementor-widget-container\">\n\t\t\t\t\t<h2 class=\"elementor-heading-title elementor-size-default\">Nuestra historia como casa de comidas gallega en Vilamaior<\/h2>\t\t\t\t<\/div>\n\t\t\t\t<\/div>\n\t\t\t\t<\/div>\n\t\t<div class=\"elementor-element elementor-element-e87cd1a e-con-full e-flex e-con e-child\" data-id=\"e87cd1a\" data-element_type=\"container\" data-e-type=\"container\">\n\t\t\t\t<div class=\"elementor-element elementor-element-7e0e79e elementor-widget elementor-widget-text-editor\" data-id=\"7e0e79e\" data-element_type=\"widget\" data-e-type=\"widget\" data-widget_type=\"text-editor.default\">\n\t\t\t\t<div class=\"elementor-widget-container\">\n\t\t\t\t\t\t\t\t\t<p data-pm-slice=\"1 1 []\">Casa Menguxo es una casa de comidas gallega en Vilamaior con ra\u00edces familiares y cocina tradicional. Nace del amor por la buena comida, el ambiente familiar y las celebraciones que se recuerdan con una sonrisa. Somos un bar y parrillada de toda la vida, donde cada plato se cocina con cari\u00f1o y cada evento se prepara como si fuera en casa.<\/p><p data-start=\"592\" data-end=\"889\">Co paso dos anos, convert\u00e9monos nun lugar de referencia para disfrutar de comidas en familia, reuniones con amigos e celebraci\u00f3ns especiais como cumpleanos, comuni\u00f3ns ou eventos por encargo. Aqu\u00ed todo xira en torno a pasalo ben, comer mellolr e facer que te sintas como na casa.<\/p><p data-start=\"592\" data-end=\"889\">Si buscas una casa de comidas gallega en Vilamaior con ambiente familiar, raciones generosas y cocina tradicional a la brasa, en Casa Menguxo te sentir\u00e1s como en casa.<\/p>\t\t\t\t\t\t\t\t<\/div>\n\t\t\t\t<\/div>\n\t\t\t\t<\/div>\n\t\t\t\t<\/div>\n\t\t<div class=\"elementor-element elementor-element-c12d48a e-con-full e-flex e-con e-child\" data-id=\"c12d48a\" data-element_type=\"container\" data-e-type=\"container\">\n\t\t<div class=\"elementor-element elementor-element-4ebdcde e-con-full e-flex e-con e-child\" data-id=\"4ebdcde\" data-element_type=\"container\" data-e-type=\"container\">\n\t\t\t\t<div class=\"elementor-element elementor-element-b415567 elementor-view-stacked elementor-position-inline-start elementor-shape-circle elementor-mobile-position-block-start elementor-widget elementor-widget-icon-box\" data-id=\"b415567\" data-element_type=\"widget\" data-e-type=\"widget\" data-widget_type=\"icon-box.default\">\n\t\t\t\t<div class=\"elementor-widget-container\">\n\t\t\t\t\t\t\t<div class=\"elementor-icon-box-wrapper\">\n\n\t\t\t\t\t\t<div class=\"elementor-icon-box-icon\">\n\t\t\t\t<span  class=\"elementor-icon\">\n\t\t\t\t<svg aria-hidden=\"true\" class=\"e-font-icon-svg e-far-grin-alt\" viewbox=\"0 0 496 512\" xmlns=\"http:\/\/www.w3.org\/2000\/svg\"><path d=\"M200.3 248c12.4-18.7 15.1-37.3 15.7-56-.5-18.7-3.3-37.3-15.7-56-8-12-25.1-11.4-32.7 0-12.4 18.7-15.1 37.3-15.7 56 .5 18.7 3.3 37.3 15.7 56 8.1 12 25.2 11.4 32.7 0zm128 0c12.4-18.7 15.1-37.3 15.7-56-.5-18.7-3.3-37.3-15.7-56-8-12-25.1-11.4-32.7 0-12.4 18.7-15.1 37.3-15.7 56 .5 18.7 3.3 37.3 15.7 56 8.1 12 25.2 11.4 32.7 0zM248 8C111 8 0 119 0 256s111 248 248 248 248-111 248-248S385 8 248 8zm0 448c-110.3 0-200-89.7-200-200S137.7 56 248 56s200 89.7 200 200-89.7 200-200 200zm105.6-151.4c-25.9 8.3-64.4 13.1-105.6 13.1s-79.6-4.8-105.6-13.1c-9.9-3.1-19.4 5.3-17.7 15.3 7.9 47.2 71.3 80 123.3 80s115.3-32.9 123.3-80c1.6-9.8-7.7-18.4-17.7-15.3z\"><\/path><\/svg>\t\t\t\t<\/span>\n\t\t\t<\/div>\n\t\t\t\n\t\t\t\t\t\t<div class=\"elementor-icon-box-content\">\n\n\t\t\t\t\t\t\t\t\t<p class=\"elementor-icon-box-title\">\n\t\t\t\t\t\t<span  >\n\t\t\t\t\t\t\tAmbiente familiar\t\t\t\t\t\t<\/span>\n\t\t\t\t\t<\/p>\n\t\t\t\t\n\t\t\t\t\t\t\t\t\t<p class=\"elementor-icon-box-description\">\n\t\t\t\t\t\tCercan\u00eda, comodidade e  ese toque de fogar que te fai volver.\t\t\t\t\t<\/p>\n\t\t\t\t\n\t\t\t<\/div>\n\t\t\t\n\t\t<\/div>\n\t\t\t\t\t\t<\/div>\n\t\t\t\t<\/div>\n\t\t\t\t<div class=\"elementor-element elementor-element-bde8f77 elementor-widget-divider--view-line elementor-widget elementor-widget-divider\" data-id=\"bde8f77\" data-element_type=\"widget\" data-e-type=\"widget\" data-widget_type=\"divider.default\">\n\t\t\t\t<div class=\"elementor-widget-container\">\n\t\t\t\t\t\t\t<div class=\"elementor-divider\">\n\t\t\t<span class=\"elementor-divider-separator\">\n\t\t\t\t\t\t<\/span>\n\t\t<\/div>\n\t\t\t\t\t\t<\/div>\n\t\t\t\t<\/div>\n\t\t\t\t<div class=\"elementor-element elementor-element-82b9ad1 elementor-view-stacked elementor-position-inline-start elementor-shape-circle elementor-mobile-position-block-start elementor-widget elementor-widget-icon-box\" data-id=\"82b9ad1\" data-element_type=\"widget\" data-e-type=\"widget\" data-widget_type=\"icon-box.default\">\n\t\t\t\t<div class=\"elementor-widget-container\">\n\t\t\t\t\t\t\t<div class=\"elementor-icon-box-wrapper\">\n\n\t\t\t\t\t\t<div class=\"elementor-icon-box-icon\">\n\t\t\t\t<span  class=\"elementor-icon\">\n\t\t\t\t<svg aria-hidden=\"true\" class=\"e-font-icon-svg e-fab-houzz\" viewbox=\"0 0 448 512\" xmlns=\"http:\/\/www.w3.org\/2000\/svg\"><path d=\"M275.9 330.7H171.3V480H17V32h109.5v104.5l305.1 85.6V480H275.9z\"><\/path><\/svg>\t\t\t\t<\/span>\n\t\t\t<\/div>\n\t\t\t\n\t\t\t\t\t\t<div class=\"elementor-icon-box-content\">\n\n\t\t\t\t\t\t\t\t\t<p class=\"elementor-icon-box-title\">\n\t\t\t\t\t\t<span  >\n\t\t\t\t\t\t\tEspazo amplo\t\t\t\t\t\t<\/span>\n\t\t\t\t\t<\/p>\n\t\t\t\t\n\t\t\t\t\t\t\t\t\t<p class=\"elementor-icon-box-description\">\n\t\t\t\t\t\tIdeal para comidas, reuni\u00f3ns e todo tipo de celebraci\u00f3ns.\t\t\t\t\t<\/p>\n\t\t\t\t\n\t\t\t<\/div>\n\t\t\t\n\t\t<\/div>\n\t\t\t\t\t\t<\/div>\n\t\t\t\t<\/div>\n\t\t\t\t<div class=\"elementor-element elementor-element-f82c7c0 elementor-widget-divider--view-line elementor-widget elementor-widget-divider\" data-id=\"f82c7c0\" data-element_type=\"widget\" data-e-type=\"widget\" data-widget_type=\"divider.default\">\n\t\t\t\t<div class=\"elementor-widget-container\">\n\t\t\t\t\t\t\t<div class=\"elementor-divider\">\n\t\t\t<span class=\"elementor-divider-separator\">\n\t\t\t\t\t\t<\/span>\n\t\t<\/div>\n\t\t\t\t\t\t<\/div>\n\t\t\t\t<\/div>\n\t\t\t\t<div class=\"elementor-element elementor-element-550ddba elementor-view-stacked elementor-position-inline-start elementor-shape-circle elementor-mobile-position-block-start elementor-widget elementor-widget-icon-box\" data-id=\"550ddba\" data-element_type=\"widget\" data-e-type=\"widget\" data-widget_type=\"icon-box.default\">\n\t\t\t\t<div class=\"elementor-widget-container\">\n\t\t\t\t\t\t\t<div class=\"elementor-icon-box-wrapper\">\n\n\t\t\t\t\t\t<div class=\"elementor-icon-box-icon\">\n\t\t\t\t<span  class=\"elementor-icon\">\n\t\t\t\t<svg aria-hidden=\"true\" class=\"e-font-icon-svg e-fab-odnoklassniki\" viewbox=\"0 0 320 512\" xmlns=\"http:\/\/www.w3.org\/2000\/svg\"><path d=\"M275.1 334c-27.4 17.4-65.1 24.3-90 26.9l20.9 20.6 76.3 76.3c27.9 28.6-17.5 73.3-45.7 45.7-19.1-19.4-47.1-47.4-76.3-76.6L84 503.4c-28.2 27.5-73.6-17.6-45.4-45.7 19.4-19.4 47.1-47.4 76.3-76.3l20.6-20.6c-24.6-2.6-62.9-9.1-90.6-26.9-32.6-21-46.9-33.3-34.3-59 7.4-14.6 27.7-26.9 54.6-5.7 0 0 36.3 28.9 94.9 28.9s94.9-28.9 94.9-28.9c26.9-21.1 47.1-8.9 54.6 5.7 12.4 25.7-1.9 38-34.5 59.1zM30.3 129.7C30.3 58 88.6 0 160 0s129.7 58 129.7 129.7c0 71.4-58.3 129.4-129.7 129.4s-129.7-58-129.7-129.4zm66 0c0 35.1 28.6 63.7 63.7 63.7s63.7-28.6 63.7-63.7c0-35.4-28.6-64-63.7-64s-63.7 28.6-63.7 64z\"><\/path><\/svg>\t\t\t\t<\/span>\n\t\t\t<\/div>\n\t\t\t\n\t\t\t\t\t\t<div class=\"elementor-icon-box-content\">\n\n\t\t\t\t\t\t\t\t\t<p class=\"elementor-icon-box-title\">\n\t\t\t\t\t\t<span  >\n\t\t\t\t\t\t\tZona infantil\t\t\t\t\t\t<\/span>\n\t\t\t\t\t<\/p>\n\t\t\t\t\n\t\t\t\t\t\t\t\t\t<p class=\"elementor-icon-box-description\">\n\t\t\t\t\t\tParque de bolas e hinchables para que os peques disfruten.\t\t\t\t\t<\/p>\n\t\t\t\t\n\t\t\t<\/div>\n\t\t\t\n\t\t<\/div>\n\t\t\t\t\t\t<\/div>\n\t\t\t\t<\/div>\n\t\t\t\t<\/div>\n\t\t<div class=\"elementor-element elementor-element-07f280c e-con-full e-flex e-con e-child\" data-id=\"07f280c\" data-element_type=\"container\" data-e-type=\"container\">\n\t\t\t\t<div class=\"elementor-element elementor-element-a8337f3 elementor-widget elementor-widget-image\" data-id=\"a8337f3\" data-element_type=\"widget\" data-e-type=\"widget\" data-widget_type=\"image.default\">\n\t\t\t\t<div class=\"elementor-widget-container\">\n\t\t\t\t\t\t\t\t\t\t\t\t\t\t\t<img decoding=\"async\" src=\"https:\/\/casamenguxo.es\/wp-content\/uploads\/2025\/07\/IMG_2222-copia-scaled.jpg\" title=\"IMG_2222 &#8211; copia\" alt=\"interior de Casa Menguxo, casa de comidas gallega en Vilamaior\" loading=\"lazy\" \/>\t\t\t\t\t\t\t\t\t\t\t\t\t\t\t<\/div>\n\t\t\t\t<\/div>\n\t\t\t\t<\/div>\n\t\t\t\t<\/div>\n\t\t\t\t<\/div>\n\t\t\t\t<\/div>\n\t\t\t\t<\/div>","protected":false},"excerpt":{"rendered":"<p>Sobre Nosotros Nuestra historia como casa de comidas gallega en Vilamaior Casa Menguxo es una casa de comidas gallega en Vilamaior con ra\u00edces familiares y cocina tradicional. Nace del amor por la buena comida, el ambiente familiar y las celebraciones que se recuerdan con una sonrisa. Somos un bar y parrillada de toda la vida, [&hellip;]<\/p>\n","protected":false},"author":1,"featured_media":0,"parent":0,"menu_order":0,"comment_status":"closed","ping_status":"closed","template":"elementor_header_footer","meta":{"site-sidebar-layout":"no-sidebar","site-content-layout":"page-builder","ast-site-content-layout":"full-width-container","site-content-style":"unboxed","site-sidebar-style":"unboxed","ast-global-header-display":"","ast-banner-title-visibility":"","ast-main-header-display":"","ast-hfb-above-header-display":"","ast-hfb-below-header-display":"","ast-hfb-mobile-header-display":"","site-post-title":"disabled","ast-breadcrumbs-content":"","ast-featured-img":"disabled","footer-sml-layout":"","ast-disable-related-posts":"","theme-transparent-header-meta":"enabled","adv-header-id-meta":"","stick-header-meta":"","header-above-stick-meta":"","header-main-stick-meta":"","header-below-stick-meta":"","astra-migrate-meta-layouts":"set","ast-page-background-enabled":"default","ast-page-background-meta":{"desktop":{"background-color":"","background-image":"","background-repeat":"repeat","background-position":"center center","background-size":"auto","background-attachment":"scroll","background-type":"","background-media":"","overlay-type":"","overlay-color":"","overlay-opacity":"","overlay-gradient":""},"tablet":{"background-color":"","background-image":"","background-repeat":"repeat","background-position":"center center","background-size":"auto","background-attachment":"scroll","background-type":"","background-media":"","overlay-type":"","overlay-color":"","overlay-opacity":"","overlay-gradient":""},"mobile":{"background-color":"","background-image":"","background-repeat":"repeat","background-position":"center center","background-size":"auto","background-attachment":"scroll","background-type":"","background-media":"","overlay-type":"","overlay-color":"","overlay-opacity":"","overlay-gradient":""}},"ast-content-background-meta":{"desktop":{"background-color":"var(--ast-global-color-5)","background-image":"","background-repeat":"repeat","background-position":"center center","background-size":"auto","background-attachment":"scroll","background-type":"","background-media":"","overlay-type":"","overlay-color":"","overlay-opacity":"","overlay-gradient":""},"tablet":{"background-color":"var(--ast-global-color-5)","background-image":"","background-repeat":"repeat","background-position":"center center","background-size":"auto","background-attachment":"scroll","background-type":"","background-media":"","overlay-type":"","overlay-color":"","overlay-opacity":"","overlay-gradient":""},"mobile":{"background-color":"var(--ast-global-color-5)","background-image":"","background-repeat":"repeat","background-position":"center center","background-size":"auto","background-attachment":"scroll","background-type":"","background-media":"","overlay-type":"","overlay-color":"","overlay-opacity":"","overlay-gradient":""}},"_themeisle_gutenberg_block_has_review":false,"footnotes":""},"class_list":["post-114","page","type-page","status-publish","hentry"],"yoast_head":"<!-- This site is optimized with the Yoast SEO plugin v27.5 - https:\/\/yoast.com\/product\/yoast-seo-wordpress\/ -->\n<title>Sobre nosotros | Casa Menguxo \u2013 Comida gallega en Vilamaior<\/title>\n<meta name=\"description\" content=\"Descubre Casa Menguxo, casa de comidas gallega en Vilamaior. Cocina a la brasa, ambiente familiar y el sabor de siempre. \u00a1Con\u00f3cenos!\" \/>\n<meta name=\"robots\" content=\"index, follow, max-snippet:-1, max-image-preview:large, max-video-preview:-1\" \/>\n<link rel=\"canonical\" href=\"https:\/\/casamenguxo.es\/gl\/sobre-nosotros\/\" \/>\n<meta property=\"og:locale\" content=\"gl_ES\" \/>\n<meta property=\"og:type\" content=\"article\" \/>\n<meta property=\"og:title\" content=\"Sobre nosotros | Casa Menguxo \u2013 Comida gallega en Vilamaior\" \/>\n<meta property=\"og:description\" content=\"Descubre Casa Menguxo, casa de comidas gallega en Vilamaior. Cocina a la brasa, ambiente familiar y el sabor de siempre. \u00a1Con\u00f3cenos!\" \/>\n<meta property=\"og:url\" content=\"https:\/\/casamenguxo.es\/gl\/sobre-nosotros\/\" \/>\n<meta property=\"og:site_name\" content=\"Casa Menguxo\" \/>\n<meta property=\"article:modified_time\" content=\"2026-01-27T12:29:53+00:00\" \/>\n<meta property=\"og:image\" content=\"https:\/\/casamenguxo.es\/wp-content\/uploads\/2025\/07\/IMG_2222-copia-scaled.jpg\" \/>\n<meta name=\"twitter:card\" content=\"summary_large_image\" \/>\n<meta name=\"twitter:label1\" content=\"Tempo de lectura\" \/>\n\t<meta name=\"twitter:data1\" content=\"1 minuto\" \/>\n<script type=\"application\/ld+json\" class=\"yoast-schema-graph\">{\"@context\":\"https:\\\/\\\/schema.org\",\"@graph\":[{\"@type\":\"WebPage\",\"@id\":\"https:\\\/\\\/casamenguxo.es\\\/sobre-nosotros\\\/\",\"url\":\"https:\\\/\\\/casamenguxo.es\\\/sobre-nosotros\\\/\",\"name\":\"Sobre nosotros | Casa Menguxo \u2013 Comida gallega en Vilamaior\",\"isPartOf\":{\"@id\":\"https:\\\/\\\/casamenguxo.es\\\/#website\"},\"primaryImageOfPage\":{\"@id\":\"https:\\\/\\\/casamenguxo.es\\\/sobre-nosotros\\\/#primaryimage\"},\"image\":{\"@id\":\"https:\\\/\\\/casamenguxo.es\\\/sobre-nosotros\\\/#primaryimage\"},\"thumbnailUrl\":\"https:\\\/\\\/casamenguxo.es\\\/wp-content\\\/uploads\\\/2025\\\/07\\\/IMG_2222-copia-scaled.jpg\",\"datePublished\":\"2025-06-11T14:22:55+00:00\",\"dateModified\":\"2026-01-27T12:29:53+00:00\",\"description\":\"Descubre Casa Menguxo, casa de comidas gallega en Vilamaior. Cocina a la brasa, ambiente familiar y el sabor de siempre. \u00a1Con\u00f3cenos!\",\"breadcrumb\":{\"@id\":\"https:\\\/\\\/casamenguxo.es\\\/sobre-nosotros\\\/#breadcrumb\"},\"inLanguage\":\"gl-ES\",\"potentialAction\":[{\"@type\":\"ReadAction\",\"target\":[\"https:\\\/\\\/casamenguxo.es\\\/sobre-nosotros\\\/\"]}]},{\"@type\":\"ImageObject\",\"inLanguage\":\"gl-ES\",\"@id\":\"https:\\\/\\\/casamenguxo.es\\\/sobre-nosotros\\\/#primaryimage\",\"url\":\"https:\\\/\\\/casamenguxo.es\\\/wp-content\\\/uploads\\\/2025\\\/07\\\/IMG_2222-copia-scaled.jpg\",\"contentUrl\":\"https:\\\/\\\/casamenguxo.es\\\/wp-content\\\/uploads\\\/2025\\\/07\\\/IMG_2222-copia-scaled.jpg\"},{\"@type\":\"BreadcrumbList\",\"@id\":\"https:\\\/\\\/casamenguxo.es\\\/sobre-nosotros\\\/#breadcrumb\",\"itemListElement\":[{\"@type\":\"ListItem\",\"position\":1,\"name\":\"Portada\",\"item\":\"https:\\\/\\\/casamenguxo.es\\\/\"},{\"@type\":\"ListItem\",\"position\":2,\"name\":\"About Us\"}]},{\"@type\":\"WebSite\",\"@id\":\"https:\\\/\\\/casamenguxo.es\\\/#website\",\"url\":\"https:\\\/\\\/casamenguxo.es\\\/\",\"name\":\"Casa Menguxo\",\"description\":\"\",\"publisher\":{\"@id\":\"https:\\\/\\\/casamenguxo.es\\\/#organization\"},\"potentialAction\":[{\"@type\":\"SearchAction\",\"target\":{\"@type\":\"EntryPoint\",\"urlTemplate\":\"https:\\\/\\\/casamenguxo.es\\\/?s={search_term_string}\"},\"query-input\":{\"@type\":\"PropertyValueSpecification\",\"valueRequired\":true,\"valueName\":\"search_term_string\"}}],\"inLanguage\":\"gl-ES\"},{\"@type\":\"Organization\",\"@id\":\"https:\\\/\\\/casamenguxo.es\\\/#organization\",\"name\":\"Casa Menguxo\",\"url\":\"https:\\\/\\\/casamenguxo.es\\\/\",\"logo\":{\"@type\":\"ImageObject\",\"inLanguage\":\"gl-ES\",\"@id\":\"https:\\\/\\\/casamenguxo.es\\\/#\\\/schema\\\/logo\\\/image\\\/\",\"url\":\"https:\\\/\\\/casamenguxo.es\\\/wp-content\\\/uploads\\\/2025\\\/07\\\/cropped-logo.png\",\"contentUrl\":\"https:\\\/\\\/casamenguxo.es\\\/wp-content\\\/uploads\\\/2025\\\/07\\\/cropped-logo.png\",\"width\":1535,\"height\":512,\"caption\":\"Casa Menguxo\"},\"image\":{\"@id\":\"https:\\\/\\\/casamenguxo.es\\\/#\\\/schema\\\/logo\\\/image\\\/\"}}]}<\/script>\n<!-- \/ Yoast SEO plugin. -->","yoast_head_json":{"title":"Sobre nosotros | Casa Menguxo \u2013 Comida gallega en Vilamaior","description":"Descubre Casa Menguxo, casa de comidas gallega en Vilamaior. Cocina a la brasa, ambiente familiar y el sabor de siempre. \u00a1Con\u00f3cenos!","robots":{"index":"index","follow":"follow","max-snippet":"max-snippet:-1","max-image-preview":"max-image-preview:large","max-video-preview":"max-video-preview:-1"},"canonical":"https:\/\/casamenguxo.es\/gl\/sobre-nosotros\/","og_locale":"gl_ES","og_type":"article","og_title":"Sobre nosotros | Casa Menguxo \u2013 Comida gallega en Vilamaior","og_description":"Descubre Casa Menguxo, casa de comidas gallega en Vilamaior. Cocina a la brasa, ambiente familiar y el sabor de siempre. \u00a1Con\u00f3cenos!","og_url":"https:\/\/casamenguxo.es\/gl\/sobre-nosotros\/","og_site_name":"Casa Menguxo","article_modified_time":"2026-01-27T12:29:53+00:00","og_image":[{"url":"https:\/\/casamenguxo.es\/wp-content\/uploads\/2025\/07\/IMG_2222-copia-scaled.jpg","type":"","width":"","height":""}],"twitter_card":"summary_large_image","twitter_misc":{"Tempo de lectura":"1 minuto"},"schema":{"@context":"https:\/\/schema.org","@graph":[{"@type":"WebPage","@id":"https:\/\/casamenguxo.es\/sobre-nosotros\/","url":"https:\/\/casamenguxo.es\/sobre-nosotros\/","name":"Sobre nosotros | Casa Menguxo \u2013 Comida gallega en Vilamaior","isPartOf":{"@id":"https:\/\/casamenguxo.es\/#website"},"primaryImageOfPage":{"@id":"https:\/\/casamenguxo.es\/sobre-nosotros\/#primaryimage"},"image":{"@id":"https:\/\/casamenguxo.es\/sobre-nosotros\/#primaryimage"},"thumbnailUrl":"https:\/\/casamenguxo.es\/wp-content\/uploads\/2025\/07\/IMG_2222-copia-scaled.jpg","datePublished":"2025-06-11T14:22:55+00:00","dateModified":"2026-01-27T12:29:53+00:00","description":"Descubre Casa Menguxo, casa de comidas gallega en Vilamaior. Cocina a la brasa, ambiente familiar y el sabor de siempre. \u00a1Con\u00f3cenos!","breadcrumb":{"@id":"https:\/\/casamenguxo.es\/sobre-nosotros\/#breadcrumb"},"inLanguage":"gl-ES","potentialAction":[{"@type":"ReadAction","target":["https:\/\/casamenguxo.es\/sobre-nosotros\/"]}]},{"@type":"ImageObject","inLanguage":"gl-ES","@id":"https:\/\/casamenguxo.es\/sobre-nosotros\/#primaryimage","url":"https:\/\/casamenguxo.es\/wp-content\/uploads\/2025\/07\/IMG_2222-copia-scaled.jpg","contentUrl":"https:\/\/casamenguxo.es\/wp-content\/uploads\/2025\/07\/IMG_2222-copia-scaled.jpg"},{"@type":"BreadcrumbList","@id":"https:\/\/casamenguxo.es\/sobre-nosotros\/#breadcrumb","itemListElement":[{"@type":"ListItem","position":1,"name":"Portada","item":"https:\/\/casamenguxo.es\/"},{"@type":"ListItem","position":2,"name":"About Us"}]},{"@type":"WebSite","@id":"https:\/\/casamenguxo.es\/#website","url":"https:\/\/casamenguxo.es\/","name":"Casa Menguxo","description":"","publisher":{"@id":"https:\/\/casamenguxo.es\/#organization"},"potentialAction":[{"@type":"SearchAction","target":{"@type":"EntryPoint","urlTemplate":"https:\/\/casamenguxo.es\/?s={search_term_string}"},"query-input":{"@type":"PropertyValueSpecification","valueRequired":true,"valueName":"search_term_string"}}],"inLanguage":"gl-ES"},{"@type":"Organization","@id":"https:\/\/casamenguxo.es\/#organization","name":"Casa Menguxo","url":"https:\/\/casamenguxo.es\/","logo":{"@type":"ImageObject","inLanguage":"gl-ES","@id":"https:\/\/casamenguxo.es\/#\/schema\/logo\/image\/","url":"https:\/\/casamenguxo.es\/wp-content\/uploads\/2025\/07\/cropped-logo.png","contentUrl":"https:\/\/casamenguxo.es\/wp-content\/uploads\/2025\/07\/cropped-logo.png","width":1535,"height":512,"caption":"Casa Menguxo"},"image":{"@id":"https:\/\/casamenguxo.es\/#\/schema\/logo\/image\/"}}]}},"_links":{"self":[{"href":"https:\/\/casamenguxo.es\/gl\/wp-json\/wp\/v2\/pages\/114","targetHints":{"allow":["GET"]}}],"collection":[{"href":"https:\/\/casamenguxo.es\/gl\/wp-json\/wp\/v2\/pages"}],"about":[{"href":"https:\/\/casamenguxo.es\/gl\/wp-json\/wp\/v2\/types\/page"}],"author":[{"embeddable":true,"href":"https:\/\/casamenguxo.es\/gl\/wp-json\/wp\/v2\/users\/1"}],"replies":[{"embeddable":true,"href":"https:\/\/casamenguxo.es\/gl\/wp-json\/wp\/v2\/comments?post=114"}],"version-history":[{"count":38,"href":"https:\/\/casamenguxo.es\/gl\/wp-json\/wp\/v2\/pages\/114\/revisions"}],"predecessor-version":[{"id":1356,"href":"https:\/\/casamenguxo.es\/gl\/wp-json\/wp\/v2\/pages\/114\/revisions\/1356"}],"wp:attachment":[{"href":"https:\/\/casamenguxo.es\/gl\/wp-json\/wp\/v2\/media?parent=114"}],"curies":[{"name":"wp","href":"https:\/\/api.w.org\/{rel}","templated":true}]}}