{"id":163,"date":"2025-06-11T16:22:55","date_gmt":"2025-06-11T14:22:55","guid":{"rendered":"https:\/\/casamenguxo.es\/contact\/"},"modified":"2026-01-27T13:33:30","modified_gmt":"2026-01-27T12:33:30","slug":"contacto","status":"publish","type":"page","link":"https:\/\/casamenguxo.es\/gl\/contacto\/","title":{"rendered":"Contact"},"content":{"rendered":"\t\t<div data-elementor-type=\"wp-page\" data-elementor-id=\"163\" class=\"elementor elementor-163\">\n\t\t\t\t<div class=\"elementor-element elementor-element-4f92c7e e-con-full e-flex e-con e-parent\" data-id=\"4f92c7e\" data-element_type=\"container\" data-e-type=\"container\" data-settings=\"{&quot;background_background&quot;:&quot;classic&quot;}\">\n\t\t<div class=\"elementor-element elementor-element-ae34100 e-con-full e-flex e-con e-child\" data-id=\"ae34100\" data-element_type=\"container\" data-e-type=\"container\">\n\t\t\t\t<div class=\"elementor-element elementor-element-95d1b6e elementor-widget elementor-widget-heading\" data-id=\"95d1b6e\" data-element_type=\"widget\" data-e-type=\"widget\" data-widget_type=\"heading.default\">\n\t\t\t\t<div class=\"elementor-widget-container\">\n\t\t\t\t\t<h1 class=\"elementor-heading-title elementor-size-default\">Contacto<\/h1>\t\t\t\t<\/div>\n\t\t\t\t<\/div>\n\t\t\t\t<\/div>\n\t\t\t\t<\/div>\n\t\t<div class=\"elementor-element elementor-element-2ec9455 e-flex e-con-boxed e-con e-parent\" data-id=\"2ec9455\" data-element_type=\"container\" data-e-type=\"container\">\n\t\t\t\t\t<div class=\"e-con-inner\">\n\t\t<div class=\"elementor-element elementor-element-57a2f8c e-con-full e-flex e-con e-child\" data-id=\"57a2f8c\" data-element_type=\"container\" data-e-type=\"container\">\n\t\t\t\t<div class=\"elementor-element elementor-element-aeaabba elementor-widget elementor-widget-heading\" data-id=\"aeaabba\" data-element_type=\"widget\" data-e-type=\"widget\" data-widget_type=\"heading.default\">\n\t\t\t\t<div class=\"elementor-widget-container\">\n\t\t\t\t\t<h2 class=\"elementor-heading-title elementor-size-default\">\u00bfD\u00d3NDE ESTAMOS?<\/h2>\t\t\t\t<\/div>\n\t\t\t\t<\/div>\n\t\t\t\t<div class=\"elementor-element elementor-element-8f8602e elementor-widget elementor-widget-heading\" data-id=\"8f8602e\" data-element_type=\"widget\" data-e-type=\"widget\" data-widget_type=\"heading.default\">\n\t\t\t\t<div class=\"elementor-widget-container\">\n\t\t\t\t\t<p class=\"elementor-heading-title elementor-size-default\">Pachote, 7, 15638 Vilarmaior, A Coru\u00f1a<\/p>\t\t\t\t<\/div>\n\t\t\t\t<\/div>\n\t\t\t\t<div class=\"elementor-element elementor-element-16e3860 elementor-widget elementor-widget-heading\" data-id=\"16e3860\" data-element_type=\"widget\" data-e-type=\"widget\" data-widget_type=\"heading.default\">\n\t\t\t\t<div class=\"elementor-widget-container\">\n\t\t\t\t\t<p class=\"elementor-heading-title elementor-size-default\">Tel\u00e9fono de reservas:<\/p>\t\t\t\t<\/div>\n\t\t\t\t<\/div>\n\t\t\t\t<div class=\"elementor-element elementor-element-5b42332 elementor-widget elementor-widget-heading\" data-id=\"5b42332\" data-element_type=\"widget\" data-e-type=\"widget\" data-widget_type=\"heading.default\">\n\t\t\t\t<div class=\"elementor-widget-container\">\n\t\t\t\t\t<p class=\"elementor-heading-title elementor-size-default\">981 78 17 58<\/p>\t\t\t\t<\/div>\n\t\t\t\t<\/div>\n\t\t\t\t<div class=\"elementor-element elementor-element-4541e21 elementor-widget elementor-widget-heading\" data-id=\"4541e21\" data-element_type=\"widget\" data-e-type=\"widget\" data-widget_type=\"heading.default\">\n\t\t\t\t<div class=\"elementor-widget-container\">\n\t\t\t\t\t<p class=\"elementor-heading-title elementor-size-default\"><a href=\"#\">mengugalicia@gmail.com<\/a><\/p>\t\t\t\t<\/div>\n\t\t\t\t<\/div>\n\t\t\t\t<\/div>\n\t\t\t\t\t<\/div>\n\t\t\t\t<\/div>\n\t\t<div class=\"elementor-element elementor-element-ee514c9 e-con-full e-flex e-con e-parent\" data-id=\"ee514c9\" data-element_type=\"container\" data-e-type=\"container\">\n\t\t<div class=\"elementor-element elementor-element-0a76086 e-con-full e-flex e-con e-child\" data-id=\"0a76086\" data-element_type=\"container\" data-e-type=\"container\">\n\t\t\t\t<div class=\"elementor-element elementor-element-ddda347 elementor-absolute elementor-widget__width-auto elementor-hidden-phone elementor-widget elementor-widget-image\" data-id=\"ddda347\" data-element_type=\"widget\" data-e-type=\"widget\" data-settings=\"{&quot;_position&quot;:&quot;absolute&quot;}\" data-widget_type=\"image.default\">\n\t\t\t\t<div class=\"elementor-widget-container\">\n\t\t\t\t\t\t\t\t\t\t\t\t\t\t\t<img fetchpriority=\"high\" decoding=\"async\" width=\"275\" height=\"400\" src=\"https:\/\/casamenguxo.es\/wp-content\/uploads\/2020\/07\/cake-image-overlay-1.png\" class=\"attachment-large size-large wp-image-110\" alt=\"\" \/>\t\t\t\t\t\t\t\t\t\t\t\t\t\t\t<\/div>\n\t\t\t\t<\/div>\n\t\t\t\t<\/div>\n\t\t\t\t<\/div>\n\t\t<div class=\"elementor-element elementor-element-dfa393a e-con-full e-flex e-con e-parent\" data-id=\"dfa393a\" data-element_type=\"container\" data-e-type=\"container\">\n\t\t<div class=\"elementor-element elementor-element-37b95f7 e-con-full e-flex e-con e-child\" data-id=\"37b95f7\" data-element_type=\"container\" data-e-type=\"container\">\n\t\t\t\t<div class=\"elementor-element elementor-element-737db13 elementor-widget elementor-widget-google_maps\" data-id=\"737db13\" data-element_type=\"widget\" data-e-type=\"widget\" data-widget_type=\"google_maps.default\">\n\t\t\t\t<div class=\"elementor-widget-container\">\n\t\t\t\t\t\t\t<div class=\"elementor-custom-embed\">\n\t\t\t<iframe loading=\"lazy\"\n\t\t\t\t\tsrc=\"https:\/\/maps.google.com\/maps?q=Pachote%2C%207%2C%2015638%20Vilarmaior%2C%20A%20Coru%C3%B1a&#038;t=m&#038;z=16&#038;output=embed&#038;iwloc=near\"\n\t\t\t\t\ttitle=\"Pachote, 7, 15638 Vilarmaior, A Coru\u00f1a\"\n\t\t\t\t\taria-label=\"Pachote, 7, 15638 Vilarmaior, A Coru\u00f1a\"\n\t\t\t><\/iframe>\n\t\t<\/div>\n\t\t\t\t\t\t<\/div>\n\t\t\t\t<\/div>\n\t\t\t\t<\/div>\n\t\t<div class=\"elementor-element elementor-element-4fc8421 e-con-full e-flex e-con e-child\" data-id=\"4fc8421\" data-element_type=\"container\" data-e-type=\"container\" data-settings=\"{&quot;background_background&quot;:&quot;classic&quot;}\">\n\t\t\t\t<div class=\"elementor-element elementor-element-7688f89 elementor-widget elementor-widget-heading\" data-id=\"7688f89\" data-element_type=\"widget\" data-e-type=\"widget\" data-widget_type=\"heading.default\">\n\t\t\t\t<div class=\"elementor-widget-container\">\n\t\t\t\t\t<h2 class=\"elementor-heading-title elementor-size-default\">Env\u00edanos un mensaje<\/h2>\t\t\t\t<\/div>\n\t\t\t\t<\/div>\n\t\t\t\t<div class=\"elementor-element elementor-element-b57d2d1 elementor-widget elementor-widget-text-editor\" data-id=\"b57d2d1\" data-element_type=\"widget\" data-e-type=\"widget\" data-widget_type=\"text-editor.default\">\n\t\t\t\t<div class=\"elementor-widget-container\">\n\t\t\t\t\t\t\t\t\t<p data-start=\"187\" data-end=\"343\"><strong data-start=\"187\" data-end=\"265\">\u00bfQuieres reservar, celebrar un evento o simplemente hacernos una consulta?<\/strong><br data-start=\"265\" data-end=\"268\" \/>Estamos aqu\u00ed para ayudarte. Escr\u00edbenos y te responderemos lo antes posible.<\/p>\t\t\t\t\t\t\t\t<\/div>\n\t\t\t\t<\/div>\n\t\t\t\t<div class=\"elementor-element elementor-element-221b19c elementor-widget elementor-widget-wp-widget-wpforms-widget\" data-id=\"221b19c\" data-element_type=\"widget\" data-e-type=\"widget\" data-widget_type=\"wp-widget-wpforms-widget.default\">\n\t\t\t\t<div class=\"elementor-widget-container\">\n\t\t\t\t\t<div class=\"wpforms-container \" id=\"wpforms-7\"><form id=\"wpforms-form-7\" class=\"wpforms-validate wpforms-form\" data-formid=\"7\" method=\"post\" enctype=\"multipart\/form-data\" action=\"\/gl\/wp-json\/wp\/v2\/pages\/163\" data-token=\"489fbe4c3e20b8771be4fe2baa624a27\" data-token-time=\"1778011246\"><noscript class=\"wpforms-error-noscript\">Por favor, activa JavaScript no teu navegador para completar este formulario.<\/noscript><div class=\"wpforms-field-container\"><div id=\"wpforms-7-field_0-container\" class=\"wpforms-field wpforms-field-name\" data-field-id=\"0\"><label class=\"wpforms-field-label\" for=\"wpforms-7-field_0\">Nombre <span class=\"wpforms-required-label\">*<\/span><\/label><input type=\"text\" id=\"wpforms-7-field_0\" class=\"wpforms-field-large wpforms-field-required\" name=\"wpforms[fields][0]\" placeholder=\"Nombre\" required><\/div><div id=\"wpforms-7-field_1-container\" class=\"wpforms-field wpforms-field-email\" data-field-id=\"1\"><label class=\"wpforms-field-label wpforms-label-hide\" for=\"wpforms-7-field_1\">Email <span class=\"wpforms-required-label\">*<\/span><\/label><input type=\"email\" id=\"wpforms-7-field_1\" class=\"wpforms-field-large wpforms-field-required\" name=\"wpforms[fields][1]\" placeholder=\"Email\" spellcheck=\"false\" required><\/div><div id=\"wpforms-7-field_2-container\" class=\"wpforms-field wpforms-field-textarea\" data-field-id=\"2\"><label class=\"wpforms-field-label wpforms-label-hide\" for=\"wpforms-7-field_2\">Mensaje <span class=\"wpforms-required-label\">*<\/span><\/label><textarea id=\"wpforms-7-field_2\" class=\"wpforms-field-medium wpforms-field-required\" name=\"wpforms[fields][2]\" placeholder=\"Mensaje\" required><\/textarea><\/div><\/div><!-- .wpforms-field-container --><div class=\"wpforms-field wpforms-field-hp\"><label for=\"wpforms-7-field-hp\" class=\"wpforms-field-label\">Name<\/label><input type=\"text\" name=\"wpforms[hp]\" id=\"wpforms-7-field-hp\" class=\"wpforms-field-medium\"><\/div><div class=\"wpforms-submit-container\" ><input type=\"hidden\" name=\"wpforms[id]\" value=\"7\"><input type=\"hidden\" name=\"page_title\" value=\"\"><input type=\"hidden\" name=\"page_url\" value=\"https:\/\/casamenguxo.es\/gl\/wp-json\/wp\/v2\/pages\/163\"><input type=\"hidden\" name=\"url_referer\" value=\"\"><button type=\"submit\" name=\"wpforms[submit]\" id=\"wpforms-submit-7\" class=\"wpforms-submit\" data-alt-text=\"Sending...\" data-submit-text=\"Send Message\" aria-live=\"assertive\" value=\"wpforms-submit\">Send Message<\/button><\/div><\/form><\/div>  <!-- .wpforms-container -->\t\t\t\t<\/div>\n\t\t\t\t<\/div>\n\t\t\t\t<\/div>\n\t\t\t\t<\/div>\n\t\t\t\t<\/div>\n\t\t","protected":false},"excerpt":{"rendered":"<p>Contacto \u00bfD\u00d3NDE ESTAMOS? Pachote, 7, 15638 Vilarmaior, A Coru\u00f1a Tel\u00e9fono de reservas: 981 78 17 58 mengugalicia@gmail.com Env\u00edanos un mensaje \u00bfQuieres reservar, celebrar un evento o simplemente hacernos una consulta?Estamos aqu\u00ed para ayudarte. Escr\u00edbenos y te responderemos lo antes posible.<\/p>","protected":false},"author":1,"featured_media":0,"parent":0,"menu_order":0,"comment_status":"closed","ping_status":"closed","template":"","meta":{"site-sidebar-layout":"no-sidebar","site-content-layout":"page-builder","ast-site-content-layout":"full-width-container","site-content-style":"unboxed","site-sidebar-style":"unboxed","ast-global-header-display":"","ast-banner-title-visibility":"","ast-main-header-display":"","ast-hfb-above-header-display":"","ast-hfb-below-header-display":"","ast-hfb-mobile-header-display":"","site-post-title":"disabled","ast-breadcrumbs-content":"","ast-featured-img":"disabled","footer-sml-layout":"","ast-disable-related-posts":"","theme-transparent-header-meta":"enabled","adv-header-id-meta":"","stick-header-meta":"","header-above-stick-meta":"","header-main-stick-meta":"","header-below-stick-meta":"","astra-migrate-meta-layouts":"set","ast-page-background-enabled":"default","ast-page-background-meta":{"desktop":{"background-color":"","background-image":"","background-repeat":"repeat","background-position":"center center","background-size":"auto","background-attachment":"scroll","background-type":"","background-media":"","overlay-type":"","overlay-color":"","overlay-opacity":"","overlay-gradient":""},"tablet":{"background-color":"","background-image":"","background-repeat":"repeat","background-position":"center center","background-size":"auto","background-attachment":"scroll","background-type":"","background-media":"","overlay-type":"","overlay-color":"","overlay-opacity":"","overlay-gradient":""},"mobile":{"background-color":"","background-image":"","background-repeat":"repeat","background-position":"center center","background-size":"auto","background-attachment":"scroll","background-type":"","background-media":"","overlay-type":"","overlay-color":"","overlay-opacity":"","overlay-gradient":""}},"ast-content-background-meta":{"desktop":{"background-color":"var(--ast-global-color-5)","background-image":"","background-repeat":"repeat","background-position":"center center","background-size":"auto","background-attachment":"scroll","background-type":"","background-media":"","overlay-type":"","overlay-color":"","overlay-opacity":"","overlay-gradient":""},"tablet":{"background-color":"var(--ast-global-color-5)","background-image":"","background-repeat":"repeat","background-position":"center center","background-size":"auto","background-attachment":"scroll","background-type":"","background-media":"","overlay-type":"","overlay-color":"","overlay-opacity":"","overlay-gradient":""},"mobile":{"background-color":"var(--ast-global-color-5)","background-image":"","background-repeat":"repeat","background-position":"center center","background-size":"auto","background-attachment":"scroll","background-type":"","background-media":"","overlay-type":"","overlay-color":"","overlay-opacity":"","overlay-gradient":""}},"_themeisle_gutenberg_block_has_review":false,"footnotes":""},"class_list":["post-163","page","type-page","status-publish","hentry"],"yoast_head":"<!-- This site is optimized with the Yoast SEO plugin v27.5 - https:\/\/yoast.com\/product\/yoast-seo-wordpress\/ -->\n<title>Contacto Casa Menguxo Vilamaior<\/title>\n<meta name=\"description\" content=\"Contacto Casa Menguxo Vilamaior \u00bfQuieres reservar o hacernos una consulta? Aqu\u00ed tienes nuestro formulario de contacto.\" \/>\n<meta name=\"robots\" content=\"index, follow, max-snippet:-1, max-image-preview:large, max-video-preview:-1\" \/>\n<link rel=\"canonical\" href=\"https:\/\/casamenguxo.es\/gl\/contacto\/\" \/>\n<meta property=\"og:locale\" content=\"gl_ES\" \/>\n<meta property=\"og:type\" content=\"article\" \/>\n<meta property=\"og:title\" content=\"Contacto Casa Menguxo Vilamaior\" \/>\n<meta property=\"og:description\" content=\"Contacto Casa Menguxo Vilamaior \u00bfQuieres reservar o hacernos una consulta? Aqu\u00ed tienes nuestro formulario de contacto.\" \/>\n<meta property=\"og:url\" content=\"https:\/\/casamenguxo.es\/gl\/contacto\/\" \/>\n<meta property=\"og:site_name\" content=\"Casa Menguxo\" \/>\n<meta property=\"article:modified_time\" content=\"2026-01-27T12:33:30+00:00\" \/>\n<meta property=\"og:image\" content=\"https:\/\/casamenguxo.es\/wp-content\/uploads\/2020\/07\/cake-image-overlay-1.png\" \/>\n\t<meta property=\"og:image:width\" content=\"275\" \/>\n\t<meta property=\"og:image:height\" content=\"400\" \/>\n\t<meta property=\"og:image:type\" content=\"image\/png\" \/>\n<meta name=\"twitter:card\" content=\"summary_large_image\" \/>\n<meta name=\"twitter:label1\" content=\"Tempo de lectura\" \/>\n\t<meta name=\"twitter:data1\" content=\"1 minuto\" \/>\n<script type=\"application\/ld+json\" class=\"yoast-schema-graph\">{\"@context\":\"https:\\\/\\\/schema.org\",\"@graph\":[{\"@type\":\"WebPage\",\"@id\":\"https:\\\/\\\/casamenguxo.es\\\/contacto\\\/\",\"url\":\"https:\\\/\\\/casamenguxo.es\\\/contacto\\\/\",\"name\":\"Contacto Casa Menguxo Vilamaior\",\"isPartOf\":{\"@id\":\"https:\\\/\\\/casamenguxo.es\\\/#website\"},\"primaryImageOfPage\":{\"@id\":\"https:\\\/\\\/casamenguxo.es\\\/contacto\\\/#primaryimage\"},\"image\":{\"@id\":\"https:\\\/\\\/casamenguxo.es\\\/contacto\\\/#primaryimage\"},\"thumbnailUrl\":\"https:\\\/\\\/casamenguxo.es\\\/wp-content\\\/uploads\\\/2020\\\/07\\\/cake-image-overlay-1.png\",\"datePublished\":\"2025-06-11T14:22:55+00:00\",\"dateModified\":\"2026-01-27T12:33:30+00:00\",\"description\":\"Contacto Casa Menguxo Vilamaior \u00bfQuieres reservar o hacernos una consulta? Aqu\u00ed tienes nuestro formulario de contacto.\",\"breadcrumb\":{\"@id\":\"https:\\\/\\\/casamenguxo.es\\\/contacto\\\/#breadcrumb\"},\"inLanguage\":\"gl-ES\",\"potentialAction\":[{\"@type\":\"ReadAction\",\"target\":[\"https:\\\/\\\/casamenguxo.es\\\/contacto\\\/\"]}]},{\"@type\":\"ImageObject\",\"inLanguage\":\"gl-ES\",\"@id\":\"https:\\\/\\\/casamenguxo.es\\\/contacto\\\/#primaryimage\",\"url\":\"https:\\\/\\\/casamenguxo.es\\\/wp-content\\\/uploads\\\/2020\\\/07\\\/cake-image-overlay-1.png\",\"contentUrl\":\"https:\\\/\\\/casamenguxo.es\\\/wp-content\\\/uploads\\\/2020\\\/07\\\/cake-image-overlay-1.png\"},{\"@type\":\"BreadcrumbList\",\"@id\":\"https:\\\/\\\/casamenguxo.es\\\/contacto\\\/#breadcrumb\",\"itemListElement\":[{\"@type\":\"ListItem\",\"position\":1,\"name\":\"Portada\",\"item\":\"https:\\\/\\\/casamenguxo.es\\\/\"},{\"@type\":\"ListItem\",\"position\":2,\"name\":\"Contact\"}]},{\"@type\":\"WebSite\",\"@id\":\"https:\\\/\\\/casamenguxo.es\\\/#website\",\"url\":\"https:\\\/\\\/casamenguxo.es\\\/\",\"name\":\"Casa Menguxo\",\"description\":\"\",\"publisher\":{\"@id\":\"https:\\\/\\\/casamenguxo.es\\\/#organization\"},\"potentialAction\":[{\"@type\":\"SearchAction\",\"target\":{\"@type\":\"EntryPoint\",\"urlTemplate\":\"https:\\\/\\\/casamenguxo.es\\\/?s={search_term_string}\"},\"query-input\":{\"@type\":\"PropertyValueSpecification\",\"valueRequired\":true,\"valueName\":\"search_term_string\"}}],\"inLanguage\":\"gl-ES\"},{\"@type\":\"Organization\",\"@id\":\"https:\\\/\\\/casamenguxo.es\\\/#organization\",\"name\":\"Casa Menguxo\",\"url\":\"https:\\\/\\\/casamenguxo.es\\\/\",\"logo\":{\"@type\":\"ImageObject\",\"inLanguage\":\"gl-ES\",\"@id\":\"https:\\\/\\\/casamenguxo.es\\\/#\\\/schema\\\/logo\\\/image\\\/\",\"url\":\"https:\\\/\\\/casamenguxo.es\\\/wp-content\\\/uploads\\\/2025\\\/07\\\/cropped-logo.png\",\"contentUrl\":\"https:\\\/\\\/casamenguxo.es\\\/wp-content\\\/uploads\\\/2025\\\/07\\\/cropped-logo.png\",\"width\":1535,\"height\":512,\"caption\":\"Casa Menguxo\"},\"image\":{\"@id\":\"https:\\\/\\\/casamenguxo.es\\\/#\\\/schema\\\/logo\\\/image\\\/\"}}]}<\/script>\n<!-- \/ Yoast SEO plugin. -->","yoast_head_json":{"title":"Contacto Casa Menguxo Vilamaior","description":"Contacto Casa Menguxo Vilamaior \u00bfQuieres reservar o hacernos una consulta? Aqu\u00ed tienes nuestro formulario de contacto.","robots":{"index":"index","follow":"follow","max-snippet":"max-snippet:-1","max-image-preview":"max-image-preview:large","max-video-preview":"max-video-preview:-1"},"canonical":"https:\/\/casamenguxo.es\/gl\/contacto\/","og_locale":"gl_ES","og_type":"article","og_title":"Contacto Casa Menguxo Vilamaior","og_description":"Contacto Casa Menguxo Vilamaior \u00bfQuieres reservar o hacernos una consulta? Aqu\u00ed tienes nuestro formulario de contacto.","og_url":"https:\/\/casamenguxo.es\/gl\/contacto\/","og_site_name":"Casa Menguxo","article_modified_time":"2026-01-27T12:33:30+00:00","og_image":[{"width":275,"height":400,"url":"https:\/\/casamenguxo.es\/wp-content\/uploads\/2020\/07\/cake-image-overlay-1.png","type":"image\/png"}],"twitter_card":"summary_large_image","twitter_misc":{"Tempo de lectura":"1 minuto"},"schema":{"@context":"https:\/\/schema.org","@graph":[{"@type":"WebPage","@id":"https:\/\/casamenguxo.es\/contacto\/","url":"https:\/\/casamenguxo.es\/contacto\/","name":"Contacto Casa Menguxo Vilamaior","isPartOf":{"@id":"https:\/\/casamenguxo.es\/#website"},"primaryImageOfPage":{"@id":"https:\/\/casamenguxo.es\/contacto\/#primaryimage"},"image":{"@id":"https:\/\/casamenguxo.es\/contacto\/#primaryimage"},"thumbnailUrl":"https:\/\/casamenguxo.es\/wp-content\/uploads\/2020\/07\/cake-image-overlay-1.png","datePublished":"2025-06-11T14:22:55+00:00","dateModified":"2026-01-27T12:33:30+00:00","description":"Contacto Casa Menguxo Vilamaior \u00bfQuieres reservar o hacernos una consulta? Aqu\u00ed tienes nuestro formulario de contacto.","breadcrumb":{"@id":"https:\/\/casamenguxo.es\/contacto\/#breadcrumb"},"inLanguage":"gl-ES","potentialAction":[{"@type":"ReadAction","target":["https:\/\/casamenguxo.es\/contacto\/"]}]},{"@type":"ImageObject","inLanguage":"gl-ES","@id":"https:\/\/casamenguxo.es\/contacto\/#primaryimage","url":"https:\/\/casamenguxo.es\/wp-content\/uploads\/2020\/07\/cake-image-overlay-1.png","contentUrl":"https:\/\/casamenguxo.es\/wp-content\/uploads\/2020\/07\/cake-image-overlay-1.png"},{"@type":"BreadcrumbList","@id":"https:\/\/casamenguxo.es\/contacto\/#breadcrumb","itemListElement":[{"@type":"ListItem","position":1,"name":"Portada","item":"https:\/\/casamenguxo.es\/"},{"@type":"ListItem","position":2,"name":"Contact"}]},{"@type":"WebSite","@id":"https:\/\/casamenguxo.es\/#website","url":"https:\/\/casamenguxo.es\/","name":"Casa Menguxo","description":"","publisher":{"@id":"https:\/\/casamenguxo.es\/#organization"},"potentialAction":[{"@type":"SearchAction","target":{"@type":"EntryPoint","urlTemplate":"https:\/\/casamenguxo.es\/?s={search_term_string}"},"query-input":{"@type":"PropertyValueSpecification","valueRequired":true,"valueName":"search_term_string"}}],"inLanguage":"gl-ES"},{"@type":"Organization","@id":"https:\/\/casamenguxo.es\/#organization","name":"Casa Menguxo","url":"https:\/\/casamenguxo.es\/","logo":{"@type":"ImageObject","inLanguage":"gl-ES","@id":"https:\/\/casamenguxo.es\/#\/schema\/logo\/image\/","url":"https:\/\/casamenguxo.es\/wp-content\/uploads\/2025\/07\/cropped-logo.png","contentUrl":"https:\/\/casamenguxo.es\/wp-content\/uploads\/2025\/07\/cropped-logo.png","width":1535,"height":512,"caption":"Casa Menguxo"},"image":{"@id":"https:\/\/casamenguxo.es\/#\/schema\/logo\/image\/"}}]}},"_links":{"self":[{"href":"https:\/\/casamenguxo.es\/gl\/wp-json\/wp\/v2\/pages\/163","targetHints":{"allow":["GET"]}}],"collection":[{"href":"https:\/\/casamenguxo.es\/gl\/wp-json\/wp\/v2\/pages"}],"about":[{"href":"https:\/\/casamenguxo.es\/gl\/wp-json\/wp\/v2\/types\/page"}],"author":[{"embeddable":true,"href":"https:\/\/casamenguxo.es\/gl\/wp-json\/wp\/v2\/users\/1"}],"replies":[{"embeddable":true,"href":"https:\/\/casamenguxo.es\/gl\/wp-json\/wp\/v2\/comments?post=163"}],"version-history":[{"count":34,"href":"https:\/\/casamenguxo.es\/gl\/wp-json\/wp\/v2\/pages\/163\/revisions"}],"predecessor-version":[{"id":1365,"href":"https:\/\/casamenguxo.es\/gl\/wp-json\/wp\/v2\/pages\/163\/revisions\/1365"}],"wp:attachment":[{"href":"https:\/\/casamenguxo.es\/gl\/wp-json\/wp\/v2\/media?parent=163"}],"curies":[{"name":"wp","href":"https:\/\/api.w.org\/{rel}","templated":true}]}}